{"id":97177,"date":"2026-01-02T17:37:49","date_gmt":"2026-01-02T17:37:49","guid":{"rendered":"https:\/\/dentofistanbul.com\/fonctionnement\/"},"modified":"2026-01-16T17:53:45","modified_gmt":"2026-01-16T17:53:45","slug":"fonctionnement","status":"publish","type":"page","link":"https:\/\/dentofistanbul.com\/fr\/fonctionnement\/","title":{"rendered":"Fonctionnement"},"content":{"rendered":"\t\t<div data-elementor-type=\"wp-post\" data-elementor-id=\"97177\" class=\"elementor elementor-97177 elementor-96098\">\n\t\t\t\t<div class=\"elementor-element elementor-element-73d0587 e-flex e-con-boxed wpr-particle-no wpr-jarallax-no wpr-parallax-no wpr-sticky-section-no wpr-equal-height-no e-con e-parent\" data-id=\"73d0587\" data-element_type=\"container\" data-e-type=\"container\">\n\t\t\t\t\t<div class=\"e-con-inner\">\n\t\t\t\t<div class=\"elementor-element elementor-element-6ccf939 elementor-widget elementor-widget-html\" data-id=\"6ccf939\" data-element_type=\"widget\" data-e-type=\"widget\" data-widget_type=\"html.default\">\n\t\t\t\t\t<style>\/* --- DENT OF ISTANBUL: HOW IT WORKS THEME --- *\/\r\n@import url('https:\/\/fonts.googleapis.com\/css2?family=Inter:wght@400;500;600;700;800&display=swap');\r\n\r\n\/* GLOBAL WRAPPER *\/\r\n.aurora-wrapper {\r\n    width: 100vw; \r\n    position: relative;\r\n    margin-left: -50vw;\r\n    left: 50%;\r\n    margin-top: -20px; \r\n    padding: 80px 20px 120px; \r\n    font-family: 'Inter', sans-serif;\r\n    color: #111827;\r\n    background: radial-gradient(circle at 0% 0%, #E0F2FE 0%, transparent 50%), \r\n                radial-gradient(circle at 100% 0%, #E0E7FF 0%, transparent 50%), \r\n                radial-gradient(circle at 0% 100%, #FAE8FF 0%, transparent 50%),\r\n                radial-gradient(circle at 100% 100%, #E0F2FE 0%, transparent 50%),\r\n                #F3F4F6;\r\n    overflow-x: hidden;\r\n}\r\n\r\n.container-inner {\r\n    max-width: 900px;\r\n    margin: 0 auto;\r\n    position: relative;\r\n    z-index: 10;\r\n}\r\n\r\n\/* HERO SECTION *\/\r\n.process-hero {\r\n    text-align: center;\r\n    max-width: 750px;\r\n    margin: 0 auto 80px;\r\n}\r\n.hero-label {\r\n    background: #DBEAFE; color: #1E40AF;\r\n    font-size: 0.85rem; font-weight: 700;\r\n    padding: 6px 16px; border-radius: 20px;\r\n    text-transform: uppercase; letter-spacing: 0.5px;\r\n    display: inline-block; margin-bottom: 20px;\r\n}\r\n.hero-title { font-size: 3rem; font-weight: 800; margin-bottom: 20px; letter-spacing: -1px; color: #0F172A; }\r\n.hero-desc { color: #4B5563; font-size: 1.1rem; line-height: 1.6; }\r\n\r\n\/* TIMELINE CONTAINER *\/\r\n.timeline-wrapper {\r\n    position: relative;\r\n    padding-left: 40px;\r\n}\r\n\r\n\/* Vertical Line *\/\r\n.timeline-wrapper::before {\r\n    content: '';\r\n    position: absolute;\r\n    top: 0; bottom: 0; left: 15px;\r\n    width: 4px;\r\n    background: #DBEAFE;\r\n    border-radius: 4px;\r\n}\r\n\r\n\/* STEP ITEM *\/\r\n.timeline-step {\r\n    position: relative;\r\n    margin-bottom: 50px;\r\n}\r\n\r\n\/* The Number Circle *\/\r\n.step-marker {\r\n    position: absolute;\r\n    left: -43px; \/* Aligns with the vertical line *\/\r\n    top: 0;\r\n    width: 40px; height: 40px;\r\n    background: #1E3A8A;\r\n    color: white;\r\n    border-radius: 50%;\r\n    display: flex; align-items: center; justify-content: center;\r\n    font-weight: 800; font-size: 1.2rem;\r\n    border: 4px solid #F3F4F6; \/* Matches background to create gap *\/\r\n    z-index: 2;\r\n    box-shadow: 0 4px 10px rgba(30, 58, 138, 0.3);\r\n}\r\n\r\n\/* The Card *\/\r\n.step-card {\r\n    background: white;\r\n    padding: 35px;\r\n    border-radius: 20px;\r\n    box-shadow: 0 10px 30px rgba(0,0,0,0.05);\r\n    border-left: 5px solid #1E3A8A; \/* Brand accent *\/\r\n    transition: transform 0.2s;\r\n}\r\n.step-card:hover { transform: translateX(5px); }\r\n\r\n.step-title { font-size: 1.5rem; font-weight: 700; color: #1E3A8A; margin-bottom: 15px; display: flex; align-items: center; gap: 10px; }\r\n.step-icon { font-size: 1.4rem; }\r\n\r\n\/* Lists inside steps *\/\r\n.step-list { list-style: none; padding: 0; margin-top: 15px; }\r\n.step-list li {\r\n    display: flex; align-items: center; gap: 10px;\r\n    margin-bottom: 8px; color: #4B5563; font-weight: 500;\r\n}\r\n.dot { width: 6px; height: 6px; background: #3B82F6; border-radius: 50%; }\r\n\r\n\/* WHY IT WORKS SECTION *\/\r\n.why-section {\r\n    background: #1E3A8A; \/* Navy *\/\r\n    color: white;\r\n    border-radius: 32px;\r\n    padding: 60px 40px;\r\n    margin: 80px 0;\r\n    text-align: center;\r\n}\r\n.why-grid {\r\n    display: flex;\r\n    flex-wrap: wrap;\r\n    justify-content: center;\r\n    gap: 20px;\r\n    margin-top: 30px;\r\n}\r\n.why-item {\r\n    background: rgba(255,255,255,0.1);\r\n    padding: 15px 25px;\r\n    border-radius: 50px;\r\n    font-weight: 600;\r\n    border: 1px solid rgba(255,255,255,0.2);\r\n}\r\n\r\n\/* CTA *\/\r\n.cta-wrapper {\r\n    text-align: center;\r\n    background: white; padding: 60px 30px; border-radius: 32px;\r\n    box-shadow: 0 20px 50px rgba(0,0,0,0.08);\r\n}\r\n.btn-primary {\r\n    background: #1E3A8A; color: white; padding: 16px 32px;\r\n    border-radius: 50px; text-decoration: none; font-weight: 600;\r\n    display: inline-block; margin: 10px; transition: 0.2s;\r\n}\r\n.btn-whatsapp {\r\n    background: #25D366; color: white; padding: 16px 32px;\r\n    border-radius: 50px; text-decoration: none; font-weight: 600;\r\n    display: inline-block; margin: 10px; transition: 0.2s;\r\n}\r\n.btn-primary:hover, .btn-whatsapp:hover { transform: translateY(-3px); }\r\n\r\n\/* RESPONSIVE *\/\r\n@media (max-width: 768px) {\r\n    .hero-title { font-size: 2.2rem; }\r\n    .timeline-wrapper { padding-left: 0; }\r\n    .timeline-wrapper::before { display: none; } \/* Hide line on mobile *\/\r\n    .step-marker { position: relative; left: 0; margin-bottom: 10px; display: inline-flex; }\r\n    .step-card { border-left: none; border-top: 5px solid #1E3A8A; }\r\n}\r\n<\/style>\r\n<div class=\"aurora-wrapper\">\r\n    <div class=\"container-inner\">\r\n        <div class=\"process-hero\">\r\n            <span class=\"hero-label\">Le Processus<\/span>\r\n            <h1 class=\"hero-title\">Comment \u00e7a marche<\/h1>\r\n            <p class=\"hero-desc\">Votre parcours de soins dentaires avec Dent of Istanbul. Un parcours m\u00e9dical clair et structur\u00e9 pour que vous sachiez exactement \u00e0 quoi vous attendre avant votre voyage.<\/p>\r\n        <\/div>\r\n        <div class=\"timeline-wrapper\">\r\n            <div class=\"timeline-step\">\r\n                <div class=\"step-marker\">1<\/div>\r\n                <div class=\"step-card\">\r\n                    <h3 class=\"step-title\"><span class=\"step-icon\">\ud83d\udcf1<\/span> Contact & D\u00e9tails<\/h3>\r\n                    <p>Votre parcours commence par une prise de contact via WhatsApp, notre site web ou les r\u00e9seaux sociaux.<\/p>\r\n                    <ul class=\"step-list\">\r\n                        <li><div class=\"dot\"><\/div> Partagez vos coordonn\u00e9es de base<\/li>\r\n                        <li><div class=\"dot\"><\/div> Envoyez des photos de vos dents<\/li>\r\n                        <li><div class=\"dot\"><\/div> Fournissez des radios ou rapports (si disponibles)<\/li>\r\n                    <\/ul>\r\n                <\/div>\r\n            <\/div>\r\n            <div class=\"timeline-step\">\r\n                <div class=\"step-marker\">2<\/div>\r\n                <div class=\"step-card\">\r\n                    <h3 class=\"step-title\"><span class=\"step-icon\">\ud83e\ude7a<\/span> \u00c9valuation M\u00e9dicale<\/h3>\r\n                    <p>Nos sp\u00e9cialistes dentaires \u00e9tudient votre cas. Aucun traitement n'est confirm\u00e9 sans une \u00e9valuation m\u00e9dicale appropri\u00e9e.<\/p>\r\n                    <ul class=\"step-list\">\r\n                        <li><div class=\"dot\"><\/div> Traitements & visites recommand\u00e9s<\/li>\r\n                        <li><div class=\"dot\"><\/div> Dur\u00e9e estim\u00e9e du traitement<\/li>\r\n                        <li><div class=\"dot\"><\/div> Aper\u00e7u pr\u00e9liminaire des co\u00fbts<\/li>\r\n                    <\/ul>\r\n                <\/div>\r\n            <\/div>\r\n            <div class=\"timeline-step\">\r\n                <div class=\"step-marker\">3<\/div>\r\n                <div class=\"step-card\">\r\n                    <h3 class=\"step-title\"><span class=\"step-icon\">\u2705<\/span> Examen & Validation du Plan<\/h3>\r\n                    <p>Vous recevez votre plan de traitement en toute transparence. Nos coordinateurs vous guident \u00e0 travers chaque d\u00e9tail.<\/p>\r\n                    <ul class=\"step-list\">\r\n                        <li><div class=\"dot\"><\/div> Posez des questions & demandez des pr\u00e9cisions<\/li>\r\n                        <li><div class=\"dot\"><\/div> Ajustez le planning si n\u00e9cessaire<\/li>\r\n                        <li><div class=\"dot\"><\/div> Sentez-vous pleinement inform\u00e9 avant de r\u00e9server<\/li>\r\n                    <\/ul>\r\n                <\/div>\r\n            <\/div>\r\n            <div class=\"timeline-step\">\r\n                <div class=\"step-marker\">4<\/div>\r\n                <div class=\"step-card\">\r\n                    <h3 class=\"step-title\"><span class=\"step-icon\">\u2708\ufe0f<\/span> Coordination du Voyage<\/h3>\r\n                    <p>Une fois valid\u00e9, notre \u00e9quipe internationale organise votre visite pour minimiser le stress.<\/p>\r\n                    <ul class=\"step-list\">\r\n                        <li><div class=\"dot\"><\/div> Planification des rendez-vous<\/li>\r\n                        <li><div class=\"dot\"><\/div> Recommandations d'h\u00f4tels<\/li>\r\n                        <li><div class=\"dot\"><\/div> Transferts a\u00e9roport & assistance VIP<\/li>\r\n                    <\/ul>\r\n                <\/div>\r\n            <\/div>\r\n            <div class=\"timeline-step\">\r\n                <div class=\"step-marker\">5<\/div>\r\n                <div class=\"step-card\">\r\n                    <h3 class=\"step-title\"><span class=\"step-icon\">\ud83c\udfe8<\/span> Arriv\u00e9e & Examen sur place<\/h3>\r\n                    <p>Bienvenue \u00e0 Istanbul. Le traitement ne commence qu'apr\u00e8s validation m\u00e9dicale finale sur place.<\/p>\r\n                    <ul class=\"step-list\">\r\n                        <li><div class=\"dot\"><\/div> Accueil par notre \u00e9quipe<\/li>\r\n                        <li><div class=\"dot\"><\/div> Examen clinique & scanner CBCT<\/li>\r\n                        <li><div class=\"dot\"><\/div> Confirmation finale du plan<\/li>\r\n                    <\/ul>\r\n                <\/div>\r\n            <\/div>\r\n            <div class=\"timeline-step\">\r\n                <div class=\"step-marker\">6<\/div>\r\n                <div class=\"step-card\">\r\n                    <h3 class=\"step-title\"><span class=\"step-icon\">\ud83e\uddb7<\/span> Traitement Dentaire<\/h3>\r\n                    <p>Votre intervention est r\u00e9alis\u00e9e par des dentistes exp\u00e9riment\u00e9s utilisant une technologie moderne et des protocoles d'hygi\u00e8ne stricts.<\/p>\r\n                <\/div>\r\n            <\/div>\r\n            <div class=\"timeline-step\">\r\n                <div class=\"step-marker\">7<\/div>\r\n                <div class=\"step-card\">\r\n                    <h3 class=\"step-title\"><span class=\"step-icon\">\ud83d\udd0d<\/span> Suivi & Finalisation<\/h3>\r\n                    <p>Avant votre vol de retour, nous nous assurons que tout est parfait.<\/p>\r\n                    <ul class=\"step-list\">\r\n                        <li><div class=\"dot\"><\/div> Contr\u00f4le de l'occlusion et de l'esth\u00e9tique<\/li>\r\n                        <li><div class=\"dot\"><\/div> Instructions post-op\u00e9ratoires fournies<\/li>\r\n                        <li><div class=\"dot\"><\/div> Prochains rendez-vous planifi\u00e9s (si applicable)<\/li>\r\n                    <\/ul>\r\n                <\/div>\r\n            <\/div>\r\n            <div class=\"timeline-step\">\r\n                <div class=\"step-marker\">8<\/div>\r\n                <div class=\"step-card\">\r\n                    <h3 class=\"step-title\"><span class=\"step-icon\">\ud83c\udfe0<\/span> Assistance Post-Traitement<\/h3>\r\n                    <p>Notre relation ne s'arr\u00eate pas \u00e0 votre d\u00e9part. Nous assurons un soutien continu pour votre sant\u00e9 bucco-dentaire \u00e0 long terme.<\/p>\r\n                    <ul class=\"step-list\">\r\n                        <li><div class=\"dot\"><\/div> Conseils de suivi<\/li>\r\n                        <li><div class=\"dot\"><\/div> Protocoles de garantie<\/li>\r\n                        <li><div class=\"dot\"><\/div> Disponible pour vos questions \u00e0 tout moment<\/li>\r\n                    <\/ul>\r\n                <\/div>\r\n            <\/div>\r\n        <\/div>\r\n        <div class=\"why-section\">\r\n            <h2 style=\"color: white; margin-bottom: 20px;\">Pourquoi ce processus fonctionne<\/h2>\r\n            <div class=\"why-grid\">\r\n                <div class=\"why-item\">Planification M\u00e9dicale d'Abord<\/div>\r\n                <div class=\"why-item\">Pas de D\u00e9cisions H\u00e2tives<\/div>\r\n                <div class=\"why-item\">D\u00e9lais Clairs<\/div>\r\n                <div class=\"why-item\">Environnement S\u00fbr<\/div>\r\n                <div class=\"why-item\">Support D\u00e9di\u00e9<\/div>\r\n            <\/div>\r\n        <\/div>\r\n        <div class=\"cta-wrapper\">\r\n            <h2 style=\"font-size: 2.2rem; margin-bottom: 20px;\">Commencez Votre Parcours<\/h2>\r\n            <p style=\"max-width: 600px; margin: 0 auto 30px;\">Faire le premier pas est simple. Envoyez-nous vos photos ou votre radio pour une \u00e9valuation gratuite.<\/p>\r\n            <div>\r\n                <a href=\"\/quote\" class=\"btn-primary\">Obtenir un Devis Gratuit<\/a>\r\n                <a href=\"https:\/\/wa.me\/123456789\" class=\"btn-whatsapp\">Contactez-nous sur WhatsApp<\/a>\r\n            <\/div>\r\n        <\/div>\r\n    <\/div>\r\n<\/div>\t\t\t\t<\/div>\n\t\t\t\t\t<\/div>\n\t\t\t\t<\/div>\n\t\t\t\t<\/div>\n\t\t","protected":false},"excerpt":{"rendered":"<p>Le Processus Comment \u00e7a marche Votre parcours de soins dentaires avec Dent of Istanbul. Un parcours m\u00e9dical clair et structur\u00e9 pour que vous sachiez exactement \u00e0 quoi vous attendre avant votre voyage. 1 \ud83d\udcf1 Contact &#038; D\u00e9tails Votre parcours commence par une prise de contact via WhatsApp, notre site web ou les r\u00e9seaux sociaux. Partagez vos coordonn\u00e9es de base Envoyez des photos de vos dents Fournissez des radios ou rapports (si disponibles) 2 \ud83e\ude7a \u00c9valuation M\u00e9dicale Nos sp\u00e9cialistes dentaires \u00e9tudient votre cas. Aucun traitement n&rsquo;est confirm\u00e9 sans une \u00e9valuation m\u00e9dicale appropri\u00e9e. Traitements &#038; visites recommand\u00e9s Dur\u00e9e estim\u00e9e du traitement Aper\u00e7u pr\u00e9liminaire des co\u00fbts 3 \u2705 Examen &#038; Validation du Plan Vous recevez votre plan de traitement en toute transparence. Nos coordinateurs vous guident \u00e0 travers chaque d\u00e9tail. Posez des questions &#038; demandez des pr\u00e9cisions Ajustez le planning si n\u00e9cessaire Sentez-vous pleinement inform\u00e9 avant de r\u00e9server 4 \u2708\ufe0f Coordination du Voyage Une fois valid\u00e9, notre \u00e9quipe internationale organise votre visite pour minimiser le stress. Planification des rendez-vous Recommandations d&rsquo;h\u00f4tels Transferts a\u00e9roport &#038; assistance VIP 5 \ud83c\udfe8 Arriv\u00e9e &#038; Examen sur place Bienvenue \u00e0 Istanbul. Le traitement ne commence qu&rsquo;apr\u00e8s validation m\u00e9dicale finale sur place. Accueil par notre \u00e9quipe Examen clinique &#038; scanner CBCT Confirmation finale du plan 6 \ud83e\uddb7 Traitement Dentaire Votre intervention est r\u00e9alis\u00e9e par des dentistes exp\u00e9riment\u00e9s utilisant une technologie moderne et des protocoles d&rsquo;hygi\u00e8ne stricts. 7 \ud83d\udd0d Suivi &#038; Finalisation Avant votre vol de retour, nous nous assurons que tout est parfait. Contr\u00f4le de l&rsquo;occlusion et de l&rsquo;esth\u00e9tique Instructions post-op\u00e9ratoires fournies Prochains rendez-vous planifi\u00e9s (si applicable) 8 \ud83c\udfe0 Assistance Post-Traitement Notre relation ne s&rsquo;arr\u00eate pas \u00e0 votre d\u00e9part. Nous assurons un soutien continu pour votre sant\u00e9 bucco-dentaire \u00e0 long terme. Conseils de suivi Protocoles de garantie Disponible pour vos questions \u00e0 tout moment Pourquoi ce processus fonctionne Planification M\u00e9dicale d&rsquo;Abord Pas de D\u00e9cisions H\u00e2tives D\u00e9lais Clairs Environnement S\u00fbr Support D\u00e9di\u00e9 Commencez Votre Parcours Faire le premier pas est simple. Envoyez-nous vos photos ou votre radio pour une \u00e9valuation gratuite. Obtenir un Devis Gratuit Contactez-nous sur WhatsApp<\/p>\n","protected":false},"author":1,"featured_media":0,"parent":0,"menu_order":0,"comment_status":"closed","ping_status":"closed","template":"","meta":{"content-type":"","footnotes":""},"class_list":["post-97177","page","type-page","status-publish","hentry"],"_links":{"self":[{"href":"https:\/\/dentofistanbul.com\/fr\/wp-json\/wp\/v2\/pages\/97177","targetHints":{"allow":["GET"]}}],"collection":[{"href":"https:\/\/dentofistanbul.com\/fr\/wp-json\/wp\/v2\/pages"}],"about":[{"href":"https:\/\/dentofistanbul.com\/fr\/wp-json\/wp\/v2\/types\/page"}],"author":[{"embeddable":true,"href":"https:\/\/dentofistanbul.com\/fr\/wp-json\/wp\/v2\/users\/1"}],"replies":[{"embeddable":true,"href":"https:\/\/dentofistanbul.com\/fr\/wp-json\/wp\/v2\/comments?post=97177"}],"version-history":[{"count":4,"href":"https:\/\/dentofistanbul.com\/fr\/wp-json\/wp\/v2\/pages\/97177\/revisions"}],"predecessor-version":[{"id":97367,"href":"https:\/\/dentofistanbul.com\/fr\/wp-json\/wp\/v2\/pages\/97177\/revisions\/97367"}],"wp:attachment":[{"href":"https:\/\/dentofistanbul.com\/fr\/wp-json\/wp\/v2\/media?parent=97177"}],"curies":[{"name":"wp","href":"https:\/\/api.w.org\/{rel}","templated":true}]}}