{"id":97191,"date":"2026-01-03T14:11:02","date_gmt":"2026-01-03T14:11:02","guid":{"rendered":"https:\/\/dentofistanbul.com\/equipe-medicale\/"},"modified":"2026-01-23T08:39:46","modified_gmt":"2026-01-23T08:39:46","slug":"equipe-medicale","status":"publish","type":"page","link":"https:\/\/dentofistanbul.com\/fr\/equipe-medicale\/","title":{"rendered":"\u00c9quipe m\u00e9dicale"},"content":{"rendered":"\t\t<div data-elementor-type=\"wp-post\" data-elementor-id=\"97191\" class=\"elementor elementor-97191 elementor-96138\">\n\t\t\t\t<div class=\"elementor-element elementor-element-e91d1b1 e-flex e-con-boxed wpr-particle-no wpr-jarallax-no wpr-parallax-no wpr-sticky-section-no wpr-equal-height-no e-con e-parent\" data-id=\"e91d1b1\" data-element_type=\"container\" data-e-type=\"container\">\n\t\t\t\t\t<div class=\"e-con-inner\">\n\t\t\t\t<div class=\"elementor-element elementor-element-8cc64e6 elementor-widget elementor-widget-html\" data-id=\"8cc64e6\" data-element_type=\"widget\" data-e-type=\"widget\" data-widget_type=\"html.default\">\n\t\t\t\t\t\r\n\r\n<style>\r\n    \/* --- DENT OF ISTANBUL: GLOBAL STYLES --- *\/\r\n    @import url('https:\/\/fonts.googleapis.com\/css2?family=Inter:wght@400;500;600;700;800&display=swap');\r\n\r\n    \/* Force Icons Straight *\/\r\n    .fa, .fas, .far, .fab, .fa-solid, .fa-regular, .fa-brands, i { font-style: normal !important; }\r\n    html, body, section, div, p, span, h1, h2, h3, h4, h5, h6, a, input, button, strong { font-style: normal !important; }\r\n\r\n    \/* Aurora Wrapper for Doctor Sections *\/\r\n    .aurora-wrapper {\r\n        width: 100vw; position: relative; margin-left: -50vw; left: 50%; margin-top: -20px; \r\n        padding: 80px 20px 120px; font-family: 'Inter', sans-serif; color: #111827;\r\n        background: radial-gradient(circle at 0% 0%, #E0F2FE 0%, transparent 50%), \r\n                    radial-gradient(circle at 100% 0%, #E0E7FF 0%, transparent 50%), \r\n                    radial-gradient(circle at 0% 100%, #FAE8FF 0%, transparent 50%),\r\n                    radial-gradient(circle at 100% 100%, #E0F2FE 0%, transparent 50%), #F3F4F6;\r\n        overflow-x: hidden; box-sizing: border-box;\r\n    }\r\n    .container-inner { max-width: 1200px; margin: 0 auto; position: relative; z-index: 10; }\r\n\r\n    \/* Doctor Grid Styles *\/\r\n    .page-hero { text-align: center; max-width: 800px; margin: 0 auto 60px; }\r\n    .hero-label { background: #DBEAFE; color: #1E40AF; font-size: 0.85rem; font-weight: 700; padding: 6px 16px; border-radius: 20px; text-transform: uppercase; letter-spacing: 0.5px; display: inline-block; margin-bottom: 20px; }\r\n    .hero-title { font-size: 3rem; font-weight: 800; margin-bottom: 20px; letter-spacing: -1px; }\r\n\r\n    .team-grid { display: grid; grid-template-columns: repeat(auto-fill, minmax(300px, 1fr)); gap: 30px; align-items: stretch; margin-bottom: 80px; }\r\n    \r\n    .doc-card { background: white; border-radius: 24px; overflow: hidden; box-shadow: 0 10px 30px rgba(0,0,0,0.05); transition: transform 0.3s ease, box-shadow 0.3s ease; border: 1px solid rgba(255,255,255,0.8); display: flex; flex-direction: column; height: 100%; }\r\n    .doc-card:hover { transform: translateY(-5px); box-shadow: 0 20px 40px rgba(30, 58, 138, 0.1); }\r\n    \r\n    .doc-photo { width: 100% !important; height: 350px !important; min-height: 350px !important; max-height: 350px !important; background-color: #E2E8F0; object-fit: cover !important; object-position: top center !important; display: block; margin: 0; }\r\n    \r\n    .doc-content { padding: 25px; flex-grow: 1; display: flex; flex-direction: column; }\r\n    .doc-exp-badge { display: inline-block; background: #FEF3C7; color: #92400E; font-size: 0.8rem; font-weight: 700; padding: 4px 10px; border-radius: 6px; margin-bottom: 10px; align-self: flex-start; }\r\n    .doc-name { font-size: 1.4rem; font-weight: 700; color: #1E3A8A; margin-bottom: 5px; }\r\n    .doc-title { font-size: 0.9rem; font-weight: 600; color: #3B82F6; margin-bottom: 15px; text-transform: uppercase; letter-spacing: 0.5px; }\r\n    .doc-bio { font-size: 0.95rem; color: #6B7280; margin-bottom: 20px; flex-grow: 1; }\r\n    .doc-focus-label { font-size: 0.8rem; font-weight: 700; color: #9CA3AF; margin-bottom: 8px; text-transform: uppercase; }\r\n    .focus-tags { display: flex; flex-wrap: wrap; gap: 8px; }\r\n    .tag { background: #F3F4F6; color: #374151; font-size: 0.75rem; font-weight: 600; padding: 4px 10px; border-radius: 4px; }\r\n\r\n    \/* Approach & CTA *\/\r\n    .approach-section { background: #1E3A8A; color: white; border-radius: 32px; padding: 60px 40px; margin-bottom: 80px; }\r\n    .approach-grid { display: grid; grid-template-columns: repeat(auto-fit, minmax(250px, 1fr)); gap: 30px; margin-top: 30px; }\r\n    .approach-item { background: rgba(255,255,255,0.1); padding: 25px; border-radius: 16px; border: 1px solid rgba(255,255,255,0.2); }\r\n    .approach-item h4 { color: white; margin-bottom: 10px; font-size: 1.2rem; }\r\n    .approach-item p { color: #BFDBFE; font-size: 0.95rem; margin: 0; }\r\n\r\n    .cta-wrapper { text-align: center; background: white; padding: 60px 30px; border-radius: 32px; box-shadow: 0 20px 50px rgba(0,0,0,0.08); }\r\n    .btn-primary { background: #1E3A8A; color: white; padding: 16px 32px; border-radius: 50px; text-decoration: none; font-weight: 600; display: inline-block; margin: 10px; transition: 0.2s; }\r\n    .btn-whatsapp { background: #25D366; color: white; padding: 16px 32px; border-radius: 50px; text-decoration: none; font-weight: 600; display: inline-block; margin: 10px; transition: 0.2s; }\r\n    .btn-primary:hover, .btn-whatsapp:hover { transform: translateY(-3px); }\r\n\r\n    \/* Shared Hero Components (Top of Page) *\/\r\n    .hero-safe-wrapper { width: 100%; overflow: hidden; position: relative; padding-left: 1rem; padding-right: 1rem; }\r\n    .glass-pill { background: rgba(255, 255, 255, 0.95); backdrop-filter: blur(12px); border: 1px solid rgba(255, 255, 255, 0.8); box-shadow: 0 10px 30px -5px rgba(0, 184, 212, 0.15); }\r\n    .avatar-group { display: flex; align-items: center; }\r\n    .avatar-group img { width: 32px; height: 32px; border-radius: 50%; border: 2px solid white; object-fit: cover; margin-left: -10px; }\r\n    \r\n    \/* Contact Form 7 *\/\r\n    .hero-cf7-wrapper { width: 100%; padding-bottom: 2rem; }\r\n    .hero-cf7-wrapper form { max-width: 32rem; margin: 0 auto; display: flex; align-items: center; gap: 0.5rem; background: #fff; padding: 0.5rem; border-radius: 999px; border: 1px solid #e2e8f0; box-shadow: 0 20px 40px rgba(0,0,0,0.1); }\r\n    .hero-cf7-wrapper input[type=\"tel\"] { border: none; background: transparent; flex: 1; padding: 0 1rem; height: 50px; outline: none; }\r\n    .hero-cf7-wrapper input[type=\"submit\"] { background: #0F172A; color: white; border: none; padding: 0 2rem; height: 50px; border-radius: 999px; font-weight: 700; cursor: pointer; }\r\n    \r\n    \/* Animations *\/\r\n    @keyframes float-y { 0%, 100% { transform: translateY(0px); } 50% { transform: translateY(-15px); } }\r\n    .animate-float-delayed { animation: float-y 7s ease-in-out infinite 1s; }\r\n\r\n    \/* Responsive *\/\r\n    @media (max-width: 768px) {\r\n        .hero-title { font-size: 2.2rem; }\r\n        .team-grid { grid-template-columns: 1fr; max-width: 400px; margin: 0 auto; }\r\n    }\r\n<\/style>\r\n\r\n\r\n\r\n\r\n    <div class=\"aurora-wrapper\">\r\n        <div class=\"container-inner\">\r\n            <div class=\"page-hero\">\r\n                <span class=\"hero-label\">Rencontrez nos Sp\u00e9cialistes<\/span>\r\n                <h1 class=\"hero-title\">\u00c9quipe M\u00e9dicale<\/h1>\r\n                <p>Nos sp\u00e9cialistes certifi\u00e9s par l'\u00c9tat allient des d\u00e9cennies de sagesse clinique \u00e0 la recherche universitaire.<\/p>\r\n            <\/div>\r\n            <div class=\"team-grid\">\r\n                \r\n                <div class=\"doc-card\">\r\n                    <img decoding=\"async\" src=\"https:\/\/dentofistanbul.com\/wp-content\/uploads\/2026\/01\/ChatGPT-Image-Jan-9-2026-06_46_44-PM.png\" class=\"doc-photo\" alt=\"Dr. Robert Sapeta\">\r\n                    <div class=\"doc-content\">\r\n                        <span class=\"doc-exp-badge\" style=\"background: #e0f2fe; color: #0284c7;\">\ud83c\uddec\ud83c\udde7 Conseiller R.-U.<\/span>\r\n                        <h3 class=\"doc-name\">Dr. Robert Sapeta<\/h3>\r\n                        <div class=\"doc-title\">Chirurgien-Dentiste (BDS Lond)<\/div>\r\n                        <p class=\"doc-bio\">Fournit des explications cliniques ind\u00e9pendantes et un avis lorsque n\u00e9cessaire.<\/p>\r\n                        <div class=\"focus-tags\"><span class=\"tag\">Conseil R.-U.<\/span><span class=\"tag\">Avis Ind\u00e9pendant<\/span><\/div>\r\n                    <\/div>\r\n                <\/div>\r\n\r\n               <div class=\"doc-card\">\r\n    <img decoding=\"async\" src=\"https:\/\/dentofistanbul.com\/wp-content\/uploads\/2026\/01\/ChatGPT-Image-Jan-23-2026-11_13_29-AM.png\" class=\"doc-photo\" alt=\"Dr. Alex Lass\">\r\n    <div class=\"doc-content\">\r\n        <span class=\"doc-exp-badge\" style=\"background: #e0f2fe; color: #0284c7;\">\ud83c\uddec\ud83c\udde7 Conseiller Royaume-Uni<\/span>\r\n        <h3 class=\"doc-name\">Dr. Alex Lass<\/h3>\r\n        <div class=\"doc-title\">Conseiller Clinique (MSc Manchester)<\/div>\r\n        <p class=\"doc-bio\">Expert ind\u00e9pendant avec plus de 30 ans d'exp\u00e9rience internationale. Il apporte son expertise pour la planification de traitements complexes sans r\u00e9aliser de soins \u00e0 la clinique.<\/p>\r\n        <div class=\"focus-tags\">\r\n            <span class=\"tag\">Avis M\u00e9dical<\/span>\r\n            <span class=\"tag\">Planification Esth\u00e9tique<\/span>\r\n            <span class=\"tag\">Conseil<\/span>\r\n        <\/div>\r\n    <\/div>\r\n<\/div>\r\n\r\n                <div class=\"doc-card\">\r\n                    <img decoding=\"async\" src=\"https:\/\/dentofistanbul.com\/wp-content\/uploads\/2026\/01\/Nilgun-basar-scaled.jpg?text=Senior+Mentor\" class=\"doc-photo\" alt=\"Dt. Nilg\u00fcn Ba\u015far\">\r\n                    <div class=\"doc-content\">\r\n                        <span class=\"doc-exp-badge\">\ud83d\udccc 37 Ans d'Exp\u00e9rience<\/span>\r\n                        <h3 class=\"doc-name\">Dt. Nilg\u00fcn Ba\u015far<\/h3>\r\n                        <div class=\"doc-title\">Mentor Clinique Senior<\/div>\r\n                        <p class=\"doc-bio\">La gardienne de l'excellence clinique. Supervise les plans de traitement pour garantir \u00e9thique et s\u00e9curit\u00e9.<\/p>\r\n                        <div class=\"focus-tags\"><span class=\"tag\">Diagnostic<\/span><span class=\"tag\">Qualit\u00e9<\/span><\/div>\r\n                    <\/div>\r\n                <\/div>\r\n\r\n                <div class=\"doc-card\">\r\n                    <img decoding=\"async\" src=\"https:\/\/dentofistanbul.com\/wp-content\/uploads\/2026\/01\/Dt.-Erkan-Saraco-lu-scaled.jpg?text=Dt.+Erkan\" class=\"doc-photo\" alt=\"Dt. Erkan Sara\u00e7o\u011flu\">\r\n                    <div class=\"doc-content\">\r\n                        <span class=\"doc-exp-badge\">\ud83d\udccc +20 Ans d'Exp\u00e9rience<\/span>\r\n                        <h3 class=\"doc-name\">Dt. Erkan Sara\u00e7o\u011flu<\/h3>\r\n                        <div class=\"doc-title\">Proth\u00e9siste Implantologue<\/div>\r\n                        <p class=\"doc-bio\">Expert en r\u00e9habilitation compl\u00e8te et cas proth\u00e9tiques d\u00e9licats.<\/p>\r\n                        <div class=\"focus-tags\"><span class=\"tag\">Implants<\/span><span class=\"tag\">Facettes<\/span><\/div>\r\n                    <\/div>\r\n                <\/div>\r\n\r\n                <div class=\"doc-card\">\r\n                    <img decoding=\"async\" src=\"https:\/\/dentofistanbul.com\/wp-content\/uploads\/2026\/01\/Dr.-1layda-Ayd1n.jpg?text=Dr.+Ilayda\" class=\"doc-photo\" alt=\"Dr. \u0130layda Ayd\u0131n\">\r\n                    <div class=\"doc-content\">\r\n                        <span class=\"doc-exp-badge\">\ud83d\udccc Doctorante<\/span>\r\n                        <h3 class=\"doc-name\">Dr. \u0130layda Ayd\u0131n<\/h3>\r\n                        <div class=\"doc-title\">Chirurgienne Orale<\/div>\r\n                        <p class=\"doc-bio\">Sp\u00e9cialis\u00e9e en greffes osseuses, extractions complexes et esth\u00e9tique faciale.<\/p>\r\n                        <div class=\"focus-tags\"><span class=\"tag\">Chirurgie<\/span><span class=\"tag\">Greffe<\/span><\/div>\r\n                    <\/div>\r\n                <\/div>\r\n\r\n                <div class=\"doc-card\">\r\n                    <img decoding=\"async\" src=\"https:\/\/dentofistanbul.com\/wp-content\/uploads\/2026\/01\/Dt.-_evval-Yuzuk-Sabuncu.jpg?text=Dr.+Sevval\" class=\"doc-photo\" alt=\"Dt. \u015eevval Y\u00fcz\u00fck Sabuncu\">\r\n                    <div class=\"doc-content\">\r\n                        <span class=\"doc-exp-badge\">\ud83d\udccc Doctorante<\/span>\r\n                        <h3 class=\"doc-name\">Dt. \u015eevval Y\u00fcz\u00fck Sabuncu<\/h3>\r\n                        <div class=\"doc-title\">Parodontologue & Esth\u00e9tique<\/div>\r\n                        <p class=\"doc-bio\">Sp\u00e9cialis\u00e9e en esth\u00e9tique gingivale et Hollywood Smile.<\/p>\r\n                        <div class=\"focus-tags\"><span class=\"tag\">Sourire<\/span><span class=\"tag\">Gencives<\/span><\/div>\r\n                    <\/div>\r\n                <\/div>\r\n\r\n                <div class=\"doc-card\">\r\n                    <img decoding=\"async\" src=\"https:\/\/dentofistanbul.com\/wp-content\/uploads\/2026\/01\/Dr.-Yunus-Ayd1n.jpg?text=Dr.+Yunus\" class=\"doc-photo\" alt=\"Dr. Yunus Ayd\u0131n\">\r\n                    <div class=\"doc-content\">\r\n                        <span class=\"doc-exp-badge\">\ud83d\udccc Doctorant<\/span>\r\n                        <h3 class=\"doc-name\">Dr. Yunus Ayd\u0131n<\/h3>\r\n                        <div class=\"doc-title\">Orthodontiste Sp\u00e9cialiste<\/div>\r\n                        <p class=\"doc-bio\">Expert Invisalign, ClearCorrect et corrections complexes.<\/p>\r\n                        <div class=\"focus-tags\"><span class=\"tag\">Invisalign<\/span><span class=\"tag\">Orthodontie<\/span><\/div>\r\n                    <\/div>\r\n                <\/div>\r\n\r\n                <div class=\"doc-card\">\r\n                    <img decoding=\"async\" src=\"https:\/\/dentofistanbul.com\/wp-content\/uploads\/2026\/01\/Dt.-Elif-Cak1lkaya.jpg?text=Dr.+Elif\" class=\"doc-photo\" alt=\"Dt. Elif \u00c7ak\u0131lkaya\">\r\n                    <div class=\"doc-content\">\r\n                        <span class=\"doc-exp-badge\">\ud83d\udccc Doctorante<\/span>\r\n                        <h3 class=\"doc-name\">Dt. Elif \u00c7ak\u0131lkaya<\/h3>\r\n                        <div class=\"doc-title\">Endodontiste<\/div>\r\n                        <p class=\"doc-bio\">Sp\u00e9cialis\u00e9e en traitements canalaires microscopiques sans douleur.<\/p>\r\n                        <div class=\"focus-tags\"><span class=\"tag\">D\u00e9vitalisation<\/span><span class=\"tag\">Microscope<\/span><\/div>\r\n                    <\/div>\r\n                <\/div>\r\n\r\n                <div class=\"doc-card\">\r\n                    <img decoding=\"async\" src=\"https:\/\/dentofistanbul.com\/wp-content\/uploads\/2026\/01\/Dt.-Beyza-Ayd1n.jpg?text=Dr.+Beyza\" class=\"doc-photo\" alt=\"Dt. Beyza Ayd\u0131n\">\r\n                    <div class=\"doc-content\">\r\n                        <span class=\"doc-exp-badge\">\ud83d\udccc Experte Restauration<\/span>\r\n                        <h3 class=\"doc-name\">Dt. Beyza Ayd\u0131n<\/h3>\r\n                        <div class=\"doc-title\">Dentiste G\u00e9n\u00e9raliste<\/div>\r\n                        <p class=\"doc-bio\">Experte en smile design num\u00e9rique et r\u00e9habilitation.<\/p>\r\n                        <div class=\"focus-tags\"><span class=\"tag\">Num\u00e9rique<\/span><span class=\"tag\">Restauration<\/span><\/div>\r\n                    <\/div>\r\n                <\/div>\r\n\r\n                <div class=\"doc-card\">\r\n                    <img decoding=\"async\" src=\"https:\/\/dentofistanbul.com\/wp-content\/uploads\/2026\/01\/Dr.-Sena-Nur-Tuto-lu.jpg?text=Dr.+Sena\" class=\"doc-photo\" alt=\"Dr. Sena Nur Tuto\u011flu\">\r\n                    <div class=\"doc-content\">\r\n                        <span class=\"doc-exp-badge\">\ud83d\udccc Dipl\u00f4m\u00e9e avec Mention<\/span>\r\n                        <h3 class=\"doc-name\">Dr. Sena Nur Tuto\u011flu<\/h3>\r\n                        <div class=\"doc-title\">Dentiste G\u00e9n\u00e9raliste & P\u00e9diatrique<\/div>\r\n                        <p class=\"doc-bio\">Sp\u00e9cialis\u00e9e pour rendre les soins amusants pour les enfants et experts pour les adultes.<\/p>\r\n                        <div class=\"focus-tags\"><span class=\"tag\">P\u00e9diatrie<\/span><span class=\"tag\">Famille<\/span><\/div>\r\n                    <\/div>\r\n                <\/div>\r\n\r\n                <div class=\"doc-card\">\r\n                    <img decoding=\"async\" src=\"https:\/\/dentofistanbul.com\/wp-content\/uploads\/2026\/01\/Dr.-Melike-Akyol.jpg?text=Dr.+Melike\" class=\"doc-photo\" alt=\"Dr. Melike Akyol\">\r\n                    <div class=\"doc-content\">\r\n                        <span class=\"doc-exp-badge\">\ud83d\udccc Approche Id\u00e9aliste<\/span>\r\n                        <h3 class=\"doc-name\">Dr. Melike Akyol<\/h3>\r\n                        <div class=\"doc-title\">Dentiste G\u00e9n\u00e9raliste<\/div>\r\n                        <p class=\"doc-bio\">Connue pour sa pr\u00e9cision diagnostique et son approche du \u00ab traitement id\u00e9al \u00bb.<\/p>\r\n                        <div class=\"focus-tags\"><span class=\"tag\">Diagnostic<\/span><span class=\"tag\">Pr\u00e9vention<\/span><\/div>\r\n                    <\/div>\r\n                <\/div>\r\n\r\n            <\/div>\r\n            \r\n            <div class=\"cta-wrapper\">\r\n                <h2 style=\"font-size: 2.2rem; margin-bottom: 20px;\">Commencez par une \u00c9valuation<\/h2>\r\n                <div>\r\n                    <a href=\"\/quote\" class=\"btn-primary\">Devis Gratuit<\/a>\r\n                    <a href=\"https:\/\/wa.me\/123456789\" class=\"btn-whatsapp\">WhatsApp<\/a>\r\n                <\/div>\r\n            <\/div>\r\n        <\/div>\r\n    <\/div>\r\n\r\n  \t\t\t\t<\/div>\n\t\t\t\t\t<\/div>\n\t\t\t\t<\/div>\n\t\t\t\t<\/div>\n\t\t","protected":false},"excerpt":{"rendered":"<p>Rencontrez nos Sp\u00e9cialistes \u00c9quipe M\u00e9dicale Nos sp\u00e9cialistes certifi\u00e9s par l&rsquo;\u00c9tat allient des d\u00e9cennies de sagesse clinique \u00e0 la recherche universitaire. \ud83c\uddec\ud83c\udde7 Conseiller R.-U. Dr. Robert Sapeta Chirurgien-Dentiste (BDS Lond) Fournit des explications cliniques ind\u00e9pendantes et un avis lorsque n\u00e9cessaire. Conseil R.-U.Avis Ind\u00e9pendant \ud83c\uddec\ud83c\udde7 Conseiller Royaume-Uni Dr. Alex Lass Conseiller Clinique (MSc Manchester) Expert ind\u00e9pendant avec plus de 30 ans d&rsquo;exp\u00e9rience internationale. Il apporte son expertise pour la planification de traitements complexes sans r\u00e9aliser de soins \u00e0 la clinique. Avis M\u00e9dical Planification Esth\u00e9tique Conseil \ud83d\udccc 37 Ans d&rsquo;Exp\u00e9rience Dt. Nilg\u00fcn Ba\u015far Mentor Clinique Senior La gardienne de l&rsquo;excellence clinique. Supervise les plans de traitement pour garantir \u00e9thique et s\u00e9curit\u00e9. DiagnosticQualit\u00e9 \ud83d\udccc +20 Ans d&rsquo;Exp\u00e9rience Dt. Erkan Sara\u00e7o\u011flu Proth\u00e9siste Implantologue Expert en r\u00e9habilitation compl\u00e8te et cas proth\u00e9tiques d\u00e9licats. ImplantsFacettes \ud83d\udccc Doctorante Dr. \u0130layda Ayd\u0131n Chirurgienne Orale Sp\u00e9cialis\u00e9e en greffes osseuses, extractions complexes et esth\u00e9tique faciale. ChirurgieGreffe \ud83d\udccc Doctorante Dt. \u015eevval Y\u00fcz\u00fck Sabuncu Parodontologue &#038; Esth\u00e9tique Sp\u00e9cialis\u00e9e en esth\u00e9tique gingivale et Hollywood Smile. SourireGencives \ud83d\udccc Doctorant Dr. Yunus Ayd\u0131n Orthodontiste Sp\u00e9cialiste Expert Invisalign, ClearCorrect et corrections complexes. InvisalignOrthodontie \ud83d\udccc Doctorante Dt. Elif \u00c7ak\u0131lkaya Endodontiste Sp\u00e9cialis\u00e9e en traitements canalaires microscopiques sans douleur. D\u00e9vitalisationMicroscope \ud83d\udccc Experte Restauration Dt. Beyza Ayd\u0131n Dentiste G\u00e9n\u00e9raliste Experte en smile design num\u00e9rique et r\u00e9habilitation. Num\u00e9riqueRestauration \ud83d\udccc Dipl\u00f4m\u00e9e avec Mention Dr. Sena Nur Tuto\u011flu Dentiste G\u00e9n\u00e9raliste &#038; P\u00e9diatrique Sp\u00e9cialis\u00e9e pour rendre les soins amusants pour les enfants et experts pour les adultes. P\u00e9diatrieFamille \ud83d\udccc Approche Id\u00e9aliste Dr. Melike Akyol Dentiste G\u00e9n\u00e9raliste Connue pour sa pr\u00e9cision diagnostique et son approche du \u00ab traitement id\u00e9al \u00bb. DiagnosticPr\u00e9vention Commencez par une \u00c9valuation Devis Gratuit WhatsApp<\/p>\n","protected":false},"author":1,"featured_media":0,"parent":0,"menu_order":0,"comment_status":"closed","ping_status":"closed","template":"","meta":{"content-type":"","footnotes":""},"class_list":["post-97191","page","type-page","status-publish","hentry"],"_links":{"self":[{"href":"https:\/\/dentofistanbul.com\/fr\/wp-json\/wp\/v2\/pages\/97191","targetHints":{"allow":["GET"]}}],"collection":[{"href":"https:\/\/dentofistanbul.com\/fr\/wp-json\/wp\/v2\/pages"}],"about":[{"href":"https:\/\/dentofistanbul.com\/fr\/wp-json\/wp\/v2\/types\/page"}],"author":[{"embeddable":true,"href":"https:\/\/dentofistanbul.com\/fr\/wp-json\/wp\/v2\/users\/1"}],"replies":[{"embeddable":true,"href":"https:\/\/dentofistanbul.com\/fr\/wp-json\/wp\/v2\/comments?post=97191"}],"version-history":[{"count":24,"href":"https:\/\/dentofistanbul.com\/fr\/wp-json\/wp\/v2\/pages\/97191\/revisions"}],"predecessor-version":[{"id":97511,"href":"https:\/\/dentofistanbul.com\/fr\/wp-json\/wp\/v2\/pages\/97191\/revisions\/97511"}],"wp:attachment":[{"href":"https:\/\/dentofistanbul.com\/fr\/wp-json\/wp\/v2\/media?parent=97191"}],"curies":[{"name":"wp","href":"https:\/\/api.w.org\/{rel}","templated":true}]}}