{"id":97193,"date":"2026-01-03T19:04:24","date_gmt":"2026-01-03T19:04:24","guid":{"rendered":"https:\/\/dentofistanbul.com\/tarifs\/"},"modified":"2026-01-16T18:04:41","modified_gmt":"2026-01-16T18:04:41","slug":"tarifs","status":"publish","type":"page","link":"https:\/\/dentofistanbul.com\/fr\/tarifs\/","title":{"rendered":"Tarifs"},"content":{"rendered":"\t\t<div data-elementor-type=\"wp-post\" data-elementor-id=\"97193\" class=\"elementor elementor-97193 elementor-96205\">\n\t\t\t\t<div class=\"elementor-element elementor-element-0c30807 e-flex e-con-boxed wpr-particle-no wpr-jarallax-no wpr-parallax-no wpr-sticky-section-no wpr-equal-height-no e-con e-parent\" data-id=\"0c30807\" data-element_type=\"container\" data-e-type=\"container\">\n\t\t\t\t\t<div class=\"e-con-inner\">\n\t\t\t\t<div class=\"elementor-element elementor-element-55ccb35 elementor-widget elementor-widget-html\" data-id=\"55ccb35\" data-element_type=\"widget\" data-e-type=\"widget\" data-widget_type=\"html.default\">\n\t\t\t\t\t<style>\/* --- DENT OF ISTANBUL: PRICING THEME (CORRECTED BRANDS) --- *\/\r\n@import url('https:\/\/fonts.googleapis.com\/css2?family=Inter:wght@400;500;600;700;800&display=swap');\r\n\r\n\/* GLOBAL WRAPPER *\/\r\n.aurora-wrapper {\r\n    width: 100vw; \r\n    position: relative;\r\n    margin-left: -50vw;\r\n    left: 50%;\r\n    margin-top: -20px; \r\n    padding: 100px 20px 120px; \r\n    font-family: 'Inter', sans-serif;\r\n    color: #111827;\r\n    background: radial-gradient(circle at 0% 0%, #E0F2FE 0%, transparent 50%), \r\n                radial-gradient(circle at 100% 0%, #E0E7FF 0%, transparent 50%), \r\n                radial-gradient(circle at 0% 100%, #FAE8FF 0%, transparent 50%),\r\n                radial-gradient(circle at 100% 100%, #E0F2FE 0%, transparent 50%),\r\n                #F3F4F6;\r\n    overflow-x: hidden;\r\n}\r\n\r\n.container-inner {\r\n    max-width: 1100px;\r\n    margin: 0 auto;\r\n    position: relative;\r\n    z-index: 10;\r\n}\r\n\r\n\/* TYPOGRAPHY *\/\r\nh1, h2, h3 { color: #0F172A; line-height: 1.2; }\r\np { color: #4B5563; line-height: 1.6; font-size: 1.05rem; }\r\n\r\n\/* 1. HERO SECTION *\/\r\n.page-hero {\r\n    text-align: center;\r\n    max-width: 850px;\r\n    margin: 0 auto 60px;\r\n}\r\n.hero-label {\r\n    background: #DBEAFE; color: #1E40AF;\r\n    font-size: 0.85rem; font-weight: 700;\r\n    padding: 6px 16px; border-radius: 20px;\r\n    text-transform: uppercase; letter-spacing: 0.5px;\r\n    display: inline-block; margin-bottom: 20px;\r\n}\r\n.hero-title { font-size: 3rem; font-weight: 800; margin-bottom: 20px; letter-spacing: -1px; }\r\n\r\n\/* 2. DISCLAIMER BOX *\/\r\n.disclaimer-box {\r\n    background: #FFFBEB; \/* Light Yellow *\/\r\n    border: 1px solid #FCD34D;\r\n    padding: 20px;\r\n    border-radius: 12px;\r\n    text-align: center;\r\n    margin-bottom: 60px;\r\n    max-width: 800px;\r\n    margin-left: auto;\r\n    margin-right: auto;\r\n}\r\n.disclaimer-text { color: #92400E; font-size: 0.95rem; font-weight: 500; }\r\n\r\n\/* 3. PRICING CARDS GRID *\/\r\n.pricing-grid {\r\n    display: grid;\r\n    grid-template-columns: repeat(auto-fit, minmax(300px, 1fr));\r\n    gap: 30px;\r\n    margin-bottom: 60px; \r\n}\r\n\r\n.price-card {\r\n    background: white;\r\n    padding: 35px;\r\n    border-radius: 24px;\r\n    box-shadow: 0 10px 30px rgba(0,0,0,0.05);\r\n    transition: transform 0.3s ease;\r\n    border: 1px solid rgba(255,255,255,0.8);\r\n    position: relative;\r\n    display: flex;\r\n    flex-direction: column;\r\n}\r\n.price-card:hover { transform: translateY(-10px); box-shadow: 0 20px 50px rgba(0,0,0,0.1); }\r\n\r\n\/* Recommended Badge *\/\r\n.badge-popular {\r\n    position: absolute;\r\n    top: -12px; right: 20px;\r\n    background: #3B82F6; color: white;\r\n    padding: 6px 14px;\r\n    border-radius: 20px;\r\n    font-size: 0.8rem; font-weight: 700;\r\n    text-transform: uppercase;\r\n}\r\n\r\n.price-header { margin-bottom: 20px; padding-bottom: 20px; border-bottom: 1px solid #F1F5F9; }\r\n.service-name { font-size: 1.4rem; font-weight: 700; color: #1E3A8A; margin-bottom: 10px; }\r\n.start-price { font-size: 2.2rem; font-weight: 800; color: #0F172A; }\r\n.price-unit { font-size: 1rem; color: #64748B; font-weight: 500; }\r\n\r\n.price-features { list-style: none; padding: 0; margin-bottom: 30px; flex-grow: 1; }\r\n.price-features li { margin-bottom: 12px; display: flex; align-items: center; gap: 10px; color: #4B5563; font-size: 0.95rem; }\r\n.check-icon { color: #10B981; font-weight: bold; }\r\n\r\n\/* 4. BRANDS SECTION *\/\r\n.brands-section {\r\n    margin-bottom: 80px;\r\n    text-align: center;\r\n}\r\n.brands-grid {\r\n    display: flex;\r\n    flex-wrap: wrap;\r\n    justify-content: center;\r\n    gap: 20px;\r\n    margin-top: 30px;\r\n}\r\n.brand-card {\r\n    background: white;\r\n    padding: 20px 30px;\r\n    border-radius: 16px;\r\n    box-shadow: 0 5px 15px rgba(0,0,0,0.03);\r\n    border: 1px solid #E2E8F0;\r\n    display: flex;\r\n    align-items: center;\r\n    gap: 15px;\r\n    transition: transform 0.2s;\r\n    min-width: 250px;\r\n}\r\n.brand-card:hover { transform: scale(1.05); border-color: #3B82F6; }\r\n.brand-flag { font-size: 1.8rem; }\r\n.brand-info { text-align: left; }\r\n.brand-name { font-weight: 700; color: #1E3A8A; font-size: 1.1rem; margin: 0; }\r\n.brand-origin { font-size: 0.85rem; color: #64748B; margin: 0; }\r\n\r\n\/* 5. COMPARISON TABLE *\/\r\n.comparison-wrapper {\r\n    background: white;\r\n    border-radius: 24px;\r\n    padding: 40px;\r\n    box-shadow: 0 10px 40px rgba(0,0,0,0.05);\r\n    margin-bottom: 80px;\r\n    overflow-x: auto;\r\n}\r\n.comp-table { width: 100%; border-collapse: collapse; min-width: 600px; }\r\n.comp-table th, .comp-table td { padding: 20px; text-align: left; border-bottom: 1px solid #F1F5F9; }\r\n.comp-table th { color: #64748B; font-weight: 600; font-size: 0.9rem; text-transform: uppercase; }\r\n.comp-table td { font-weight: 600; color: #334155; }\r\n.highlight-cell { color: #16A34A; font-weight: 800; background: #F0FDF4; border-radius: 8px; }\r\n\r\n\/* 6. INCLUDED SECTION *\/\r\n.included-grid {\r\n    display: grid;\r\n    grid-template-columns: repeat(auto-fit, minmax(200px, 1fr));\r\n    gap: 20px;\r\n    margin-bottom: 80px;\r\n}\r\n.include-item {\r\n    background: rgba(255,255,255,0.6);\r\n    padding: 20px;\r\n    border-radius: 16px;\r\n    border: 1px solid #E2E8F0;\r\n    text-align: center;\r\n    font-weight: 600;\r\n    color: #1E3A8A;\r\n}\r\n\r\n\/* 7. CTA *\/\r\n.cta-wrapper {\r\n    text-align: center;\r\n    background: white; padding: 60px 30px; border-radius: 32px;\r\n    box-shadow: 0 20px 50px rgba(0,0,0,0.08);\r\n}\r\n.btn-primary {\r\n    background: #1E3A8A; color: white; padding: 16px 32px;\r\n    border-radius: 50px; text-decoration: none; font-weight: 600;\r\n    display: inline-block; margin: 10px; transition: 0.2s;\r\n}\r\n.btn-whatsapp {\r\n    background: #25D366; color: white; padding: 16px 32px;\r\n    border-radius: 50px; text-decoration: none; font-weight: 600;\r\n    display: inline-block; margin: 10px; transition: 0.2s;\r\n}\r\n.btn-primary:hover, .btn-whatsapp:hover { transform: translateY(-3px); }\r\n\r\n\/* RESPONSIVE *\/\r\n@media (max-width: 768px) {\r\n    .hero-title { font-size: 2.2rem; }\r\n    .brands-grid { flex-direction: column; align-items: center; }\r\n}\r\n<\/style>\r\n<div class=\"aurora-wrapper\">\r\n    <div class=\"container-inner\">\r\n        <div class=\"page-hero\">\r\n            <span class=\"hero-label\">Excellence Abordable<\/span>\r\n            <h1 class=\"hero-title\">Tarification Transparente<\/h1>\r\n            <p>Des soins dentaires de classe mondiale \u00e0 une fraction du co\u00fbt. Nous utilisons uniquement des marques d'implants internationales premium comme Straumann & BEGO pour garantir des r\u00e9sultats \u00e0 vie.<\/p>\r\n        <\/div>\r\n        <div class=\"disclaimer-box\">\r\n            <p class=\"disclaimer-text\">\u26a0\ufe0f <strong>Note :<\/strong> Chaque sourire est unique. Les prix ci-dessous sont des estimations de d\u00e9part. Les co\u00fbts exacts d\u00e9pendent de la marque s\u00e9lectionn\u00e9e et de vos besoins cliniques.<\/p>\r\n        <\/div>\r\n        <div class=\"pricing-grid\">\r\n            <div class=\"price-card\">\r\n                <div class=\"badge-popular\">Meilleur Choix<\/div>\r\n                <div class=\"price-header\">\r\n                    <div class=\"service-name\">Implant Dentaire<\/div>\r\n                    <div class=\"start-price\">\u20acXXX <span class=\"price-unit\">\/unit\u00e9<\/span><\/div>\r\n                    <div class=\"price-unit\">Pilier Inclus<\/div>\r\n                <\/div>\r\n                <ul class=\"price-features\">\r\n                    <li><span class=\"check-icon\">\u2713<\/span> Marques <strong>Straumann \/ BEGO<\/strong><\/li>\r\n                    <li><span class=\"check-icon\">\u2713<\/span> Options de Garantie \u00e0 Vie<\/li>\r\n                    <li><span class=\"check-icon\">\u2713<\/span> Scanner 3D CBCT Inclus<\/li>\r\n                    <li><span class=\"check-icon\">\u2713<\/span> Consultation Gratuite<\/li>\r\n                <\/ul>\r\n                <a href=\"\/quote\" class=\"btn-primary\" style=\"text-align:center; margin:0;\">Obtenir un Devis<\/a>\r\n            <\/div>\r\n            <div class=\"price-card\">\r\n                <div class=\"price-header\">\r\n                    <div class=\"service-name\">Couronne en Zircone<\/div>\r\n                    <div class=\"start-price\">\u20acXXX <span class=\"price-unit\">\/dent<\/span><\/div>\r\n                    <div class=\"price-unit\">Esth\u00e9tique Premium<\/div>\r\n                <\/div>\r\n                <ul class=\"price-features\">\r\n                    <li><span class=\"check-icon\">\u2713<\/span> Options <strong>Ivoclar \/ E.max<\/strong><\/li>\r\n                    <li><span class=\"check-icon\">\u2713<\/span> Prise de Teinte Num\u00e9rique<\/li>\r\n                    <li><span class=\"check-icon\">\u2713<\/span> Garantie de 5 Ans<\/li>\r\n                    <li><span class=\"check-icon\">\u2713<\/span> Aspect & Sensation Naturels<\/li>\r\n                <\/ul>\r\n                <a href=\"\/quote\" class=\"btn-primary\" style=\"text-align:center; margin:0;\">Obtenir un Devis<\/a>\r\n            <\/div>\r\n            <div class=\"price-card\">\r\n                <div class=\"badge-popular\">Arcade Compl\u00e8te<\/div>\r\n                <div class=\"price-header\">\r\n                    <div class=\"service-name\">Forfait All-on-4<\/div>\r\n                    <div class=\"start-price\">\u20acX,XXX <span class=\"price-unit\">\/m\u00e2choire<\/span><\/div>\r\n                    <div class=\"price-unit\">Restauration Compl\u00e8te<\/div>\r\n                <\/div>\r\n                <ul class=\"price-features\">\r\n                    <li><span class=\"check-icon\">\u2713<\/span> 4 Implants + Bridge Fixe<\/li>\r\n                    <li><span class=\"check-icon\">\u2713<\/span> Syst\u00e8mes <strong>Straumann \/ BEGO<\/strong><\/li>\r\n                    <li><span class=\"check-icon\">\u2713<\/span> Dents Provisoires Incluses<\/li>\r\n                    <li><span class=\"check-icon\">\u2713<\/span> Transfert VIP & Aide H\u00f4tel<\/li>\r\n                <\/ul>\r\n                <a href=\"\/quote\" class=\"btn-primary\" style=\"text-align:center; margin:0;\">Obtenir un Devis<\/a>\r\n            <\/div>\r\n        <\/div>\r\n        <div class=\"brands-section\">\r\n            <h2 style=\"margin-bottom: 10px;\">Marques Premium de Confiance<\/h2>\r\n            <p style=\"color: #64748B;\">Nous ne faisons aucun compromis sur les mat\u00e9riaux. Nous utilisons des syst\u00e8mes mondialement reconnus et approuv\u00e9s FDA\/CE.<\/p>\r\n            <div class=\"brands-grid\">\r\n                <div class=\"brand-card\">\r\n                    <div class=\"brand-flag\">\ud83c\udde8\ud83c\udded<\/div>\r\n                    <div class=\"brand-info\">\r\n                        <h4 class=\"brand-name\">Straumann<\/h4>\r\n                        <p class=\"brand-origin\">Suisse \u2022 Implants Premium<\/p>\r\n                    <\/div>\r\n                <\/div>\r\n                <div class=\"brand-card\">\r\n                    <div class=\"brand-flag\">\ud83c\udde9\ud83c\uddea<\/div>\r\n                    <div class=\"brand-info\">\r\n                        <h4 class=\"brand-name\">BEGO<\/h4>\r\n                        <p class=\"brand-origin\">Allemagne \u2022 Implants Haute Qualit\u00e9<\/p>\r\n                    <\/div>\r\n                <\/div>\r\n                <div class=\"brand-card\">\r\n                    <div class=\"brand-flag\">\ud83c\uddf1\ud83c\uddee<\/div>\r\n                    <div class=\"brand-info\">\r\n                        <h4 class=\"brand-name\">Ivoclar<\/h4>\r\n                        <p class=\"brand-origin\">Europe \u2022 Esth\u00e9tique E.max<\/p>\r\n                    <\/div>\r\n                <\/div>\r\n            <\/div>\r\n        <\/div>\r\n        <div style=\"margin-bottom: 20px; text-align: center;\">\r\n            <h2>Pourquoi voyager \u00e0 Istanbul ?<\/h2>\r\n            <p>\u00c9conomisez jusqu'\u00e0 70 % sans compromettre la qualit\u00e9 de la marque.<\/p>\r\n        <\/div>\r\n        <div class=\"comparison-wrapper\">\r\n            <table class=\"comp-table\">\r\n                <thead>\r\n                    <tr>\r\n                        <th style=\"width: 40%;\">Traitement<\/th>\r\n                        <th>Co\u00fbt R.-U. \/ Europe<\/th>\r\n                        <th>Dent of Istanbul<\/th>\r\n                        <th>Vos \u00c9conomies<\/th>\r\n                    <\/tr>\r\n                <\/thead>\r\n                <tbody>\r\n                    <tr>\r\n                        <td>Implant Premium (Straumann)<\/td>\r\n                        <td>\u00a32,500+<\/td>\r\n                        <td><strong>\u20acXXX<\/strong><\/td>\r\n                        <td class=\"highlight-cell\">~70%<\/td>\r\n                    <\/tr>\r\n                    <tr>\r\n                        <td>Couronne Zircone (Ivoclar)<\/td>\r\n                        <td>\u00a3600 - \u00a3900<\/td>\r\n                        <td><strong>\u20acXXX<\/strong><\/td>\r\n                        <td class=\"highlight-cell\">~75%<\/td>\r\n                    <\/tr>\r\n                    <tr>\r\n                        <td>All-on-4 (Par M\u00e2choire)<\/td>\r\n                        <td>\u00a312,000+<\/td>\r\n                        <td><strong>\u20acX,XXX+<\/strong><\/td>\r\n                        <td class=\"highlight-cell\">~65%<\/td>\r\n                    <\/tr>\r\n                <\/tbody>\r\n            <\/table>\r\n            <p style=\"text-align:center; font-size:0.8rem; margin-top:20px; color:#94A3B8;\">*Comparaison bas\u00e9e sur les prix moyens des cliniques dentaires priv\u00e9es au R.-U.\/UE pour des marques \u00e9quivalentes.<\/p>\r\n        <\/div>\r\n        <h3 style=\"text-align: center; margin-bottom: 30px;\">Inclus dans les Plans de Traitement Majeurs<\/h3>\r\n        <div class=\"included-grid\">\r\n            <div class=\"include-item\">\ud83c\udfe8 H\u00e9bergement H\u00f4tel<\/div>\r\n            <div class=\"include-item\">\ud83d\ude97 Transferts VIP<\/div>\r\n            <div class=\"include-item\">\ud83d\udc68\u200d\u2695\ufe0f Consultation & Radio<\/div>\r\n            <div class=\"include-item\">\ud83d\udc8a Kit de M\u00e9dicaments<\/div>\r\n            <div class=\"include-item\">\ud83d\udde3\ufe0f Assistance Linguistique<\/div>\r\n        <\/div>\r\n        <div class=\"cta-wrapper\">\r\n            <h2 style=\"font-size: 2.2rem; margin-bottom: 20px;\">Obtenez Votre Devis Exact<\/h2>\r\n            <p style=\"max-width: 600px; margin: 0 auto 30px;\">Envoyez-nous votre radio pour savoir si vous avez besoin de solutions Straumann, Bego ou Ivoclar.<\/p>\r\n            <div>\r\n                <a href=\"\/quote\" class=\"btn-primary\">Obtenir un Plan de Traitement Gratuit<\/a>\r\n                <a href=\"https:\/\/wa.me\/123456789\" class=\"btn-whatsapp\">Contactez-nous sur WhatsApp<\/a>\r\n            <\/div>\r\n        <\/div>\r\n    <\/div>\r\n<\/div>\t\t\t\t<\/div>\n\t\t\t\t\t<\/div>\n\t\t\t\t<\/div>\n\t\t\t\t<\/div>\n\t\t","protected":false},"excerpt":{"rendered":"<p>Excellence Abordable Tarification Transparente Des soins dentaires de classe mondiale \u00e0 une fraction du co\u00fbt. Nous utilisons uniquement des marques d&rsquo;implants internationales premium comme Straumann &#038; BEGO pour garantir des r\u00e9sultats \u00e0 vie. \u26a0\ufe0f Note : Chaque sourire est unique. Les prix ci-dessous sont des estimations de d\u00e9part. Les co\u00fbts exacts d\u00e9pendent de la marque s\u00e9lectionn\u00e9e et de vos besoins cliniques. Meilleur Choix Implant Dentaire \u20acXXX \/unit\u00e9 Pilier Inclus \u2713 Marques Straumann \/ BEGO \u2713 Options de Garantie \u00e0 Vie \u2713 Scanner 3D CBCT Inclus \u2713 Consultation Gratuite Obtenir un Devis Couronne en Zircone \u20acXXX \/dent Esth\u00e9tique Premium \u2713 Options Ivoclar \/ E.max \u2713 Prise de Teinte Num\u00e9rique \u2713 Garantie de 5 Ans \u2713 Aspect &#038; Sensation Naturels Obtenir un Devis Arcade Compl\u00e8te Forfait All-on-4 \u20acX,XXX \/m\u00e2choire Restauration Compl\u00e8te \u2713 4 Implants + Bridge Fixe \u2713 Syst\u00e8mes Straumann \/ BEGO \u2713 Dents Provisoires Incluses \u2713 Transfert VIP &#038; Aide H\u00f4tel Obtenir un Devis Marques Premium de Confiance Nous ne faisons aucun compromis sur les mat\u00e9riaux. Nous utilisons des syst\u00e8mes mondialement reconnus et approuv\u00e9s FDA\/CE. \ud83c\udde8\ud83c\udded Straumann Suisse \u2022 Implants Premium \ud83c\udde9\ud83c\uddea BEGO Allemagne \u2022 Implants Haute Qualit\u00e9 \ud83c\uddf1\ud83c\uddee Ivoclar Europe \u2022 Esth\u00e9tique E.max Pourquoi voyager \u00e0 Istanbul ? \u00c9conomisez jusqu&rsquo;\u00e0 70 % sans compromettre la qualit\u00e9 de la marque. Traitement Co\u00fbt R.-U. \/ Europe Dent of Istanbul Vos \u00c9conomies Implant Premium (Straumann) \u00a32,500+ \u20acXXX ~70% Couronne Zircone (Ivoclar) \u00a3600 \u2013 \u00a3900 \u20acXXX ~75% All-on-4 (Par M\u00e2choire) \u00a312,000+ \u20acX,XXX+ ~65% *Comparaison bas\u00e9e sur les prix moyens des cliniques dentaires priv\u00e9es au R.-U.\/UE pour des marques \u00e9quivalentes. Inclus dans les Plans de Traitement Majeurs \ud83c\udfe8 H\u00e9bergement H\u00f4tel \ud83d\ude97 Transferts VIP \ud83d\udc68\u200d\u2695\ufe0f Consultation &#038; Radio \ud83d\udc8a Kit de M\u00e9dicaments \ud83d\udde3\ufe0f Assistance Linguistique Obtenez Votre Devis Exact Envoyez-nous votre radio pour savoir si vous avez besoin de solutions Straumann, Bego ou Ivoclar. Obtenir un Plan de Traitement Gratuit Contactez-nous sur WhatsApp<\/p>\n","protected":false},"author":1,"featured_media":0,"parent":0,"menu_order":0,"comment_status":"closed","ping_status":"closed","template":"","meta":{"content-type":"","footnotes":""},"class_list":["post-97193","page","type-page","status-publish","hentry"],"_links":{"self":[{"href":"https:\/\/dentofistanbul.com\/fr\/wp-json\/wp\/v2\/pages\/97193","targetHints":{"allow":["GET"]}}],"collection":[{"href":"https:\/\/dentofistanbul.com\/fr\/wp-json\/wp\/v2\/pages"}],"about":[{"href":"https:\/\/dentofistanbul.com\/fr\/wp-json\/wp\/v2\/types\/page"}],"author":[{"embeddable":true,"href":"https:\/\/dentofistanbul.com\/fr\/wp-json\/wp\/v2\/users\/1"}],"replies":[{"embeddable":true,"href":"https:\/\/dentofistanbul.com\/fr\/wp-json\/wp\/v2\/comments?post=97193"}],"version-history":[{"count":4,"href":"https:\/\/dentofistanbul.com\/fr\/wp-json\/wp\/v2\/pages\/97193\/revisions"}],"predecessor-version":[{"id":97391,"href":"https:\/\/dentofistanbul.com\/fr\/wp-json\/wp\/v2\/pages\/97193\/revisions\/97391"}],"wp:attachment":[{"href":"https:\/\/dentofistanbul.com\/fr\/wp-json\/wp\/v2\/media?parent=97193"}],"curies":[{"name":"wp","href":"https:\/\/api.w.org\/{rel}","templated":true}]}}