{"id":97611,"date":"2024-01-19T10:04:03","date_gmt":"2024-01-19T10:04:03","guid":{"rendered":"https:\/\/dentofistanbul.com\/product\/treatment-deposit\/"},"modified":"2026-03-26T18:14:50","modified_gmt":"2026-03-26T18:14:50","slug":"depot-traitement","status":"publish","type":"product","link":"https:\/\/dentofistanbul.com\/fr\/produit\/depot-traitement\/","title":{"rendered":"Acompte de traitement"},"content":{"rendered":"<p>R\u00e9servez votre rendez-vous de traitement chez Dent of Istanbul.<br data-start=\"829\" data-end=\"832\">Cet acompte sera enti\u00e8rement d\u00e9duit du co\u00fbt final de votre traitement.<br data-start=\"901\" data-end=\"904\">Une fois le paiement effectu\u00e9, notre coordinateur vous contactera pour confirmer l&rsquo;heure de votre rendez-vous.<\/p>\n","protected":false},"excerpt":{"rendered":"<p>R\u00e9servez votre rendez-vous de traitement chez Dent of Istanbul.Cet acompte sera enti\u00e8rement d\u00e9duit du co\u00fbt final de votre traitement.Une fois le paiement effectu\u00e9, notre coordinateur vous contactera pour confirmer l&rsquo;heure de votre rendez-vous.<\/p>\n","protected":false},"featured_media":97589,"template":"elementor_header_footer","meta":{"content-type":""},"product_brand":[],"product_cat":[117],"product_tag":[],"class_list":{"0":"post-97611","1":"product","2":"type-product","3":"status-publish","4":"has-post-thumbnail","6":"product_cat-reservation","8":"first","9":"instock","10":"virtual","11":"purchasable","12":"product-type-simple"},"_links":{"self":[{"href":"https:\/\/dentofistanbul.com\/fr\/wp-json\/wp\/v2\/product\/97611","targetHints":{"allow":["GET"]}}],"collection":[{"href":"https:\/\/dentofistanbul.com\/fr\/wp-json\/wp\/v2\/product"}],"about":[{"href":"https:\/\/dentofistanbul.com\/fr\/wp-json\/wp\/v2\/types\/product"}],"version-history":[{"count":3,"href":"https:\/\/dentofistanbul.com\/fr\/wp-json\/wp\/v2\/product\/97611\/revisions"}],"predecessor-version":[{"id":97637,"href":"https:\/\/dentofistanbul.com\/fr\/wp-json\/wp\/v2\/product\/97611\/revisions\/97637"}],"wp:featuredmedia":[{"embeddable":true,"href":"https:\/\/dentofistanbul.com\/fr\/wp-json\/wp\/v2\/media\/97589"}],"wp:attachment":[{"href":"https:\/\/dentofistanbul.com\/fr\/wp-json\/wp\/v2\/media?parent=97611"}],"wp:term":[{"taxonomy":"product_brand","embeddable":true,"href":"https:\/\/dentofistanbul.com\/fr\/wp-json\/wp\/v2\/product_brand?post=97611"},{"taxonomy":"product_cat","embeddable":true,"href":"https:\/\/dentofistanbul.com\/fr\/wp-json\/wp\/v2\/product_cat?post=97611"},{"taxonomy":"product_tag","embeddable":true,"href":"https:\/\/dentofistanbul.com\/fr\/wp-json\/wp\/v2\/product_tag?post=97611"}],"curies":[{"name":"wp","href":"https:\/\/api.w.org\/{rel}","templated":true}]}}